{"id":947,"date":"2018-05-18T09:20:06","date_gmt":"2018-05-18T07:20:06","guid":{"rendered":"https:\/\/www.pvc-granulat.cz\/blog\/produkty\/realizacia-dostaw\/dodavky\/"},"modified":"2019-08-27T08:56:10","modified_gmt":"2019-08-27T06:56:10","slug":"dodavky","status":"publish","type":"product","link":"https:\/\/www.pvc-granulat.cz\/pl\/produkty\/realizacia-dostaw\/dodavky\/","title":{"rendered":"Dostawy"},"content":{"rendered":"","protected":false},"excerpt":{"rendered":"<p>Dostawy realizowane b\u0119d\u0105 w uzgodnionym terminie. Je\u017celi kupuj\u0105cy wymaga w ramach z\u0142o\u017conego zam\u00f3wienia zapewnienia przewozu w okre\u015blone przez niego miejsce, zobowi\u0105zany jest do podania:<\/p>\n<ul>\n<li>dok\u0142adnego adresu miejsca przeznaczenia, osob\u0119 kontaktow\u0105 i kontakt telefoniczny:<\/li>\n<li>spos\u00f3b wys\u0142ania towaru;<\/li>\n<li>dostawa towaru podlega warunkom dostawy INCOTERMS.<\/li>\n<\/ul>\n","protected":false},"featured_media":948,"parent":934,"menu_order":3,"template":"","product_color":[],"product_use":[],"class_list":["post-947","product","type-product","status-publish","has-post-thumbnail","hentry"],"_links":{"self":[{"href":"https:\/\/www.pvc-granulat.cz\/pl\/wp-json\/wp\/v2\/product\/947","targetHints":{"allow":["GET"]}}],"collection":[{"href":"https:\/\/www.pvc-granulat.cz\/pl\/wp-json\/wp\/v2\/product"}],"about":[{"href":"https:\/\/www.pvc-granulat.cz\/pl\/wp-json\/wp\/v2\/types\/product"}],"version-history":[{"count":0,"href":"https:\/\/www.pvc-granulat.cz\/pl\/wp-json\/wp\/v2\/product\/947\/revisions"}],"up":[{"embeddable":true,"href":"https:\/\/www.pvc-granulat.cz\/pl\/wp-json\/wp\/v2\/product\/934"}],"wp:featuredmedia":[{"embeddable":true,"href":"https:\/\/www.pvc-granulat.cz\/pl\/wp-json\/wp\/v2\/media\/948"}],"wp:attachment":[{"href":"https:\/\/www.pvc-granulat.cz\/pl\/wp-json\/wp\/v2\/media?parent=947"}],"wp:term":[{"taxonomy":"product_color","embeddable":true,"href":"https:\/\/www.pvc-granulat.cz\/pl\/wp-json\/wp\/v2\/product_color?post=947"},{"taxonomy":"product_use","embeddable":true,"href":"https:\/\/www.pvc-granulat.cz\/pl\/wp-json\/wp\/v2\/product_use?post=947"}],"curies":[{"name":"wp","href":"https:\/\/api.w.org\/{rel}","templated":true}]}}