{"id":786,"date":"2018-04-03T10:53:57","date_gmt":"2018-04-03T08:53:57","guid":{"rendered":"https:\/\/www.pvc-granulat.cz\/blog\/produkty\/granulat-na-miru\/"},"modified":"2019-08-23T11:37:49","modified_gmt":"2019-08-23T09:37:49","slug":"granulat-na-miru","status":"publish","type":"product","link":"https:\/\/www.pvc-granulat.cz\/de\/produkty\/granulat-na-miru\/","title":{"rendered":"Granulat auf Mass"},"content":{"rendered":"","protected":false},"excerpt":{"rendered":"<p>Mit Kunststoff besch\u00e4ftigen wir uns bei Fatra bereits seit mehr als 80 Jahren. In dieser Zeit haben wir die bei weitem meisten Erfahrungen mit dem Material Polyvinylchlorid (PVC) gemacht. Dieses Polymer zeichnet sich durch ein enormes Anwendungsspektrum aus. Ein Beweis daf\u00fcr sind die traditionellen Fatra-Produkte, wie etwa aufblasbare Spielzeuge, Bodenbel\u00e4ge, Hydroisolationsfolien oder eine un\u00fcberschaubare Menge an Profilen von Schl\u00e4uchen bis zu harten Rohren. Die makromolekulare Struktur des PVC gew\u00e4hrleistet eine sehr gute chemische Widerstandsf\u00e4higkeit, niedrige Brennbarkeit, gute elektroisolierende Eigenschaften und die M\u00f6glichkeit zu einer Verarbeitung zu Sekund\u00e4rrohstoffen (Recycling). Das Material kann auch geklebt und geschwei\u00dft werden und seine Farbe kann in einen beliebigen Farbton einschlie\u00dflich transparenter Varianten eingestellt werden.<\/p>\n<p>An sich ist Polyvinylchlorid jedoch nahezu nicht verarbeitbar und es m\u00fcssen Additive hinzugef\u00fcgt werden.<\/p>\n<p>Durch unterschiedliche Zusammensetzung der Gemischrezeptur kann so aus PVC eine flexible Dichtung oder ein fester Fensterrahmen hergestellt werden.<\/p>\n<p>Unser Team besch\u00e4ftigt sich mit der Entwicklung von PVC-Mischungen und der Herstellung von weichmacherhaltigen und harten PVC-Granulaten. Wir verf\u00fcgen \u00fcber zahlreiche erprobte Materiall\u00f6sungen f\u00fcr verschiedene Typen von Produkten und Verfahren, wir nutzen gut ausgestattete Labore und bem\u00fchen uns, das PVC-Granulat ma\u00dfgeschneidert f\u00fcr unsere Kunden herzustellen.<\/p>\n","protected":false},"featured_media":339,"parent":0,"menu_order":3,"template":"","product_color":[],"product_use":[],"class_list":["post-786","product","type-product","status-publish","has-post-thumbnail","hentry"],"_links":{"self":[{"href":"https:\/\/www.pvc-granulat.cz\/de\/wp-json\/wp\/v2\/product\/786","targetHints":{"allow":["GET"]}}],"collection":[{"href":"https:\/\/www.pvc-granulat.cz\/de\/wp-json\/wp\/v2\/product"}],"about":[{"href":"https:\/\/www.pvc-granulat.cz\/de\/wp-json\/wp\/v2\/types\/product"}],"version-history":[{"count":0,"href":"https:\/\/www.pvc-granulat.cz\/de\/wp-json\/wp\/v2\/product\/786\/revisions"}],"wp:featuredmedia":[{"embeddable":true,"href":"https:\/\/www.pvc-granulat.cz\/de\/wp-json\/wp\/v2\/media\/339"}],"wp:attachment":[{"href":"https:\/\/www.pvc-granulat.cz\/de\/wp-json\/wp\/v2\/media?parent=786"}],"wp:term":[{"taxonomy":"product_color","embeddable":true,"href":"https:\/\/www.pvc-granulat.cz\/de\/wp-json\/wp\/v2\/product_color?post=786"},{"taxonomy":"product_use","embeddable":true,"href":"https:\/\/www.pvc-granulat.cz\/de\/wp-json\/wp\/v2\/product_use?post=786"}],"curies":[{"name":"wp","href":"https:\/\/api.w.org\/{rel}","templated":true}]}}