{"id":744,"date":"2018-04-06T13:50:57","date_gmt":"2018-04-06T11:50:57","guid":{"rendered":"https:\/\/www.pvc-granulat.cz\/granulat-pro-vstrikovani\/"},"modified":"2019-02-27T10:42:09","modified_gmt":"2019-02-27T09:42:09","slug":"granulat-fuer-den-spritzguss","status":"publish","type":"page","link":"https:\/\/www.pvc-granulat.cz\/de\/granulat-fuer-den-spritzguss\/","title":{"rendered":"Granulat f\u00fcr den Spritzguss"},"content":{"rendered":"<p>Fatra, a.s. bietet hartes und weichmacherhaltiges Granulat aus PVC f\u00fcr den Spritzguss an. Die Eigenschaften des Granulats wurden f\u00fcr einen einfachen Spritzguss modifiziert. Wir stellen ma\u00dfgeschneidertes Granulat her entsprechend den Kundenanforderungen an H\u00e4rte, Z\u00e4higkeit, chemische Best\u00e4ndigkeit, Farbgebung &#8230;<br \/>\nWir liefern z. B. Granulat f\u00fcr die Fertigung von Fu\u00dfbodenaccessoires, Kleinventilen &#8230;<\/p>\n<table style=\"border-collapse: collapse;width: 100%\" border=\"1\">\n<tbody>\n<tr>\n<td><a href=\"https:\/\/www.pvc-granulat.cz\/de\/granulat-novoplast\/\"><strong> NOVOPLAST\u00a0\u2013 weichmacherhaltige PVC-Granulate<\/strong><\/a><\/td>\n<td><a href=\"https:\/\/www.pvc-granulat.cz\/de\/granulat-novodur\/\"><strong>NOVODUR\u00a0\u2013 harte, weichmacherfreie PVC-Granulate<\/strong><\/a><\/td>\n<td><strong><a href=\"https:\/\/www.pvc-granulat.cz\/de\/transparentes-pvc-granulat\/\">TRANSPARENT<\/a>\u00a0\u2013 weichmacherhaltige und weichmacherfreie PVC-Granulate, in klarer, durchsichtiger Ausf\u00fchrung<\/strong><\/td>\n<\/tr>\n<tr>\n<td>\u00a0 <a href=\"https:\/\/www.pvc-granulat.cz\/de\/granulat-novoplast\/#novoplast-foto-de\">Spritzgusserzeugnisse<\/a><\/td>\n<td><a href=\"https:\/\/www.pvc-granulat.cz\/de\/granulat-novodur\/#novodur-foto-de\">Spritzgusserzeugnisse<\/a><\/td>\n<td><a href=\"https:\/\/www.pvc-granulat.cz\/de\/transparentes-pvc-granulat\/#transparent-foto-de\">Spritzgusserzeugnisse<\/a><\/td>\n<\/tr>\n<\/tbody>\n<\/table>\n<p>&nbsp;<\/p>\n","protected":false},"excerpt":{"rendered":"<p>Fatra, a.s. bietet hartes und weichmacherhaltiges Granulat aus PVC f\u00fcr den Spritzguss an. Die Eigenschaften des Granulats wurden f\u00fcr einen einfachen Spritzguss modifiziert. Wir stellen ma\u00dfgeschneidertes Granulat her entsprechend den Kundenanforderungen an H\u00e4rte, Z\u00e4higkeit, chemische Best\u00e4ndigkeit, Farbgebung &#8230; Wir liefern z. B. Granulat f\u00fcr die Fertigung von Fu\u00dfbodenaccessoires, Kleinventilen &#8230; NOVOPLAST\u00a0\u2013 weichmacherhaltige PVC-Granulate NOVODUR\u00a0\u2013 harte, [&hellip;]<\/p>\n","protected":false},"author":3,"featured_media":341,"parent":0,"menu_order":0,"comment_status":"closed","ping_status":"closed","template":"","meta":{"footnotes":""},"class_list":["post-744","page","type-page","status-publish","has-post-thumbnail","hentry"],"_links":{"self":[{"href":"https:\/\/www.pvc-granulat.cz\/de\/wp-json\/wp\/v2\/pages\/744","targetHints":{"allow":["GET"]}}],"collection":[{"href":"https:\/\/www.pvc-granulat.cz\/de\/wp-json\/wp\/v2\/pages"}],"about":[{"href":"https:\/\/www.pvc-granulat.cz\/de\/wp-json\/wp\/v2\/types\/page"}],"author":[{"embeddable":true,"href":"https:\/\/www.pvc-granulat.cz\/de\/wp-json\/wp\/v2\/users\/3"}],"replies":[{"embeddable":true,"href":"https:\/\/www.pvc-granulat.cz\/de\/wp-json\/wp\/v2\/comments?post=744"}],"version-history":[{"count":0,"href":"https:\/\/www.pvc-granulat.cz\/de\/wp-json\/wp\/v2\/pages\/744\/revisions"}],"wp:featuredmedia":[{"embeddable":true,"href":"https:\/\/www.pvc-granulat.cz\/de\/wp-json\/wp\/v2\/media\/341"}],"wp:attachment":[{"href":"https:\/\/www.pvc-granulat.cz\/de\/wp-json\/wp\/v2\/media?parent=744"}],"curies":[{"name":"wp","href":"https:\/\/api.w.org\/{rel}","templated":true}]}}